{"id":1519,"date":"2020-12-14T22:18:33","date_gmt":"2020-12-14T22:18:33","guid":{"rendered":"https:\/\/staging.camping-jack.eu\/product\/quick-link\/"},"modified":"2023-08-22T21:00:50","modified_gmt":"2023-08-22T21:00:50","slug":"quick-link","status":"publish","type":"product","link":"https:\/\/www.camping-jack.eu\/fr\/produit\/quick-link\/","title":{"rendered":"QUICK LINK"},"content":{"rendered":"<div class=\"wpb-content-wrapper\"><p>[vc_row][vc_column][vc_custom_heading text=\u00a0\u00bbQUICK LINK double-sided mounting hook\u00a0\u00bb font_container=\u00a0\u00bbtag:h5|text_align:left\u00a0\u00bb use_theme_fonts=\u00a0\u00bbyes\u00a0\u00bb][vc_column_text text_larger=\u00a0\u00bbno\u00a0\u00bb]<strong>The strong points of the QUICK LINK double-sided mounting hook are broad:<\/strong><\/p>\n<ul>\n<li>The Quick Link comes in very handy at the campground, because all kinds of objects can be mounted onto the Quick Link, like hanging lamps, clothes for drying purposes, flowers or plans, umbrellas, anti mosquito pots, towels, etc.<\/li>\n<li>The Quick Link can be used as a mounting hook on both sides, which is ideal.<\/li>\n<li>At one side the Quick Link shows two \u201cears\u201d, on which you can mount objects directly. Or you can attach the Quick Link with her ears onto a washing line, and then use her as a hanging hook, both open or closed.<\/li>\n<li>At the other side the Quick Link features two round hinged hooks, which can be opened or closed, so she can be used both for hanging (for example on a washing line or on a MUFU hanging hook from our product range), and for hanging objects on the Quick Link.<\/li>\n<li>The material of the Quick Link is very strong and durable aluminum.<\/li>\n<li>The Quick Link is a simple small and compact product, very useful on campings for hanging all kinds of objects, both inside and outside the caravan or camper.<\/li>\n<li>Weight of the Quick Link is only 20 grams.<\/li>\n<li>Measures of the Quick Link are LxWxH=6.1&#215;5.4&#215;0.9 cms.<\/li>\n<li>Guarantee: on Quick Link you enjoy 2 years of EU guarantee.<\/li>\n<\/ul>\n<p>Contents:<br \/>\n\u2022 1 set of 2 pieces of Quick Link double-sided mounting hooks.<br \/>\n\u2022 Product description.[\/vc_column_text][\/vc_column][\/vc_row]<\/p>\n<\/div>","protected":false},"excerpt":{"rendered":"<h5>QUICK LINK attache double<\/h5>\n<p>Avec l\u2019attache double Quick Link en aluminum on peut accrocher tr\u00e8s confortablement des v\u00eatements, fleurs et plantes ou lampes \u00e0 suspension \u00e0 la corde de linge ou \u00e0 notre crochet MUFU que vous raccrochez \u00e0 l\u2019auvent de votre campingcar ou caravane.<\/p>\n<p>Le Quick Link fonctionne \u00e0 double c\u00f4t\u00e9s. \u00c0 une c\u00f4t\u00e9 le Quick Link a deux \u201coreilles\u201d ouvertes. On peut en accrocher une corde \u00e0 linge ou en suspendre tous objets. \u00c0 l\u2019autre c\u00f4t\u00e9 le Quick Link a deux crochets ronds \u00e0 charni\u00e8re. Avec ceci on peut utiliser ce Quick Link \u00e0 deux mani\u00e8res: ouvert ou ferm\u00e9 afin d\u2019avoir plusieurs possibilit\u00e9s de raccrochement. Bien pour raccrocher des v\u00eatements, pour les parapluies, pour les lampes de suspension, pots anti-insectes, fleus\/plantes en pot de suspension, etc.<\/p>\n","protected":false},"featured_media":861,"comment_status":"closed","ping_status":"closed","template":"","meta":[],"product_brand":[],"product_cat":[291,249,302,269,262,286],"product_tag":[366,364,368],"class_list":{"0":"post-1519","1":"product","2":"type-product","3":"status-publish","4":"has-post-thumbnail","6":"product_cat-accessoires-fr-2","7":"product_cat-accessoires-fr","8":"product_cat-accessoires-fr-3","9":"product_cat-accessoires-pour-auvent-a-cassette","10":"product_cat-accessoires-tente-auvent","11":"product_cat-outils","12":"product_tag-camping-fr","13":"product_tag-campingcar","14":"product_tag-caravane","16":"first","17":"instock","18":"taxable","19":"shipping-taxable","20":"purchasable","21":"product-type-simple"},"yoast_head":"<!-- This site is optimized with the Yoast SEO plugin v27.3 - https:\/\/yoast.com\/product\/yoast-seo-wordpress\/ -->\n<title>QUICK LINK - Camping-jack.eu<\/title>\n<meta name=\"description\" content=\"Avec l\u2019attache double Quick Link en aluminum on peut accrocher tr\u00e8s confortablement des v\u00eatements, fleurs et plantes ou lampes \u00e0 suspension \u00e0 la corde de linge ou \u00e0 notre crochet MUFU que vous raccrochez \u00e0 l\u2019auvent de votre campingcar ou caravane. Le Quick Link fonctionne \u00e0 double c\u00f4t\u00e9s.\" \/>\n<meta name=\"robots\" content=\"index, follow, max-snippet:-1, max-image-preview:large, max-video-preview:-1\" \/>\n<link rel=\"canonical\" href=\"https:\/\/www.camping-jack.eu\/fr\/produit\/quick-link\/\" \/>\n<meta property=\"og:locale\" content=\"fr_FR\" \/>\n<meta property=\"og:type\" content=\"article\" \/>\n<meta property=\"og:title\" content=\"QUICK LINK - Camping-jack.eu\" \/>\n<meta property=\"og:description\" content=\"Avec l\u2019attache double Quick Link en aluminum on peut accrocher tr\u00e8s confortablement des v\u00eatements, fleurs et plantes ou lampes \u00e0 suspension \u00e0 la corde de linge ou \u00e0 notre crochet MUFU que vous raccrochez \u00e0 l\u2019auvent de votre campingcar ou caravane. Le Quick Link fonctionne \u00e0 double c\u00f4t\u00e9s.\" \/>\n<meta property=\"og:url\" content=\"https:\/\/www.camping-jack.eu\/fr\/produit\/quick-link\/\" \/>\n<meta property=\"og:site_name\" content=\"Camping-jack.eu\" \/>\n<meta property=\"article:modified_time\" content=\"2023-08-22T21:00:50+00:00\" \/>\n<meta property=\"og:image\" content=\"https:\/\/www.camping-jack.eu\/wp-content\/uploads\/2020\/12\/QL-solo.jpg\" \/>\n\t<meta property=\"og:image:width\" content=\"1063\" \/>\n\t<meta property=\"og:image:height\" content=\"768\" \/>\n\t<meta property=\"og:image:type\" content=\"image\/jpeg\" \/>\n<meta name=\"twitter:card\" content=\"summary_large_image\" \/>\n<meta name=\"twitter:site\" content=\"@campingjack_eu\" \/>\n<script type=\"application\/ld+json\" class=\"yoast-schema-graph\">{\"@context\":\"https:\\\/\\\/schema.org\",\"@graph\":[{\"@type\":[\"WebPage\",\"ItemPage\"],\"@id\":\"https:\\\/\\\/www.camping-jack.eu\\\/fr\\\/produit\\\/quick-link\\\/\",\"url\":\"https:\\\/\\\/www.camping-jack.eu\\\/fr\\\/produit\\\/quick-link\\\/\",\"name\":\"QUICK LINK - Camping-jack.eu\",\"isPartOf\":{\"@id\":\"https:\\\/\\\/www.camping-jack.eu\\\/fr\\\/#website\"},\"primaryImageOfPage\":{\"@id\":\"https:\\\/\\\/www.camping-jack.eu\\\/fr\\\/produit\\\/quick-link\\\/#primaryimage\"},\"image\":{\"@id\":\"https:\\\/\\\/www.camping-jack.eu\\\/fr\\\/produit\\\/quick-link\\\/#primaryimage\"},\"thumbnailUrl\":\"https:\\\/\\\/www.camping-jack.eu\\\/wp-content\\\/uploads\\\/2020\\\/12\\\/QL-solo.jpg\",\"datePublished\":\"2020-12-14T22:18:33+00:00\",\"dateModified\":\"2023-08-22T21:00:50+00:00\",\"description\":\"Avec l\u2019attache double Quick Link en aluminum on peut accrocher tr\u00e8s confortablement des v\u00eatements, fleurs et plantes ou lampes \u00e0 suspension \u00e0 la corde de linge ou \u00e0 notre crochet MUFU que vous raccrochez \u00e0 l\u2019auvent de votre campingcar ou caravane. Le Quick Link fonctionne \u00e0 double c\u00f4t\u00e9s.\",\"breadcrumb\":{\"@id\":\"https:\\\/\\\/www.camping-jack.eu\\\/fr\\\/produit\\\/quick-link\\\/#breadcrumb\"},\"inLanguage\":\"fr-FR\",\"potentialAction\":[{\"@type\":\"ReadAction\",\"target\":[\"https:\\\/\\\/www.camping-jack.eu\\\/fr\\\/produit\\\/quick-link\\\/\"]}]},{\"@type\":\"ImageObject\",\"inLanguage\":\"fr-FR\",\"@id\":\"https:\\\/\\\/www.camping-jack.eu\\\/fr\\\/produit\\\/quick-link\\\/#primaryimage\",\"url\":\"https:\\\/\\\/www.camping-jack.eu\\\/wp-content\\\/uploads\\\/2020\\\/12\\\/QL-solo.jpg\",\"contentUrl\":\"https:\\\/\\\/www.camping-jack.eu\\\/wp-content\\\/uploads\\\/2020\\\/12\\\/QL-solo.jpg\",\"width\":1063,\"height\":768},{\"@type\":\"BreadcrumbList\",\"@id\":\"https:\\\/\\\/www.camping-jack.eu\\\/fr\\\/produit\\\/quick-link\\\/#breadcrumb\",\"itemListElement\":[{\"@type\":\"ListItem\",\"position\":1,\"name\":\"Home\",\"item\":\"https:\\\/\\\/www.camping-jack.eu\\\/fr\\\/\"},{\"@type\":\"ListItem\",\"position\":2,\"name\":\"Shop\",\"item\":\"https:\\\/\\\/www.camping-jack.eu\\\/fr\\\/shop\\\/\"},{\"@type\":\"ListItem\",\"position\":3,\"name\":\"QUICK LINK\"}]},{\"@type\":\"WebSite\",\"@id\":\"https:\\\/\\\/www.camping-jack.eu\\\/fr\\\/#website\",\"url\":\"https:\\\/\\\/www.camping-jack.eu\\\/fr\\\/\",\"name\":\"Camping-jack.eu\",\"description\":\"Camping-jack.eu\",\"publisher\":{\"@id\":\"https:\\\/\\\/www.camping-jack.eu\\\/fr\\\/#organization\"},\"potentialAction\":[{\"@type\":\"SearchAction\",\"target\":{\"@type\":\"EntryPoint\",\"urlTemplate\":\"https:\\\/\\\/www.camping-jack.eu\\\/fr\\\/?s={search_term_string}\"},\"query-input\":{\"@type\":\"PropertyValueSpecification\",\"valueRequired\":true,\"valueName\":\"search_term_string\"}}],\"inLanguage\":\"fr-FR\"},{\"@type\":\"Organization\",\"@id\":\"https:\\\/\\\/www.camping-jack.eu\\\/fr\\\/#organization\",\"name\":\"Camping-Jack\",\"url\":\"https:\\\/\\\/www.camping-jack.eu\\\/fr\\\/\",\"logo\":{\"@type\":\"ImageObject\",\"inLanguage\":\"fr-FR\",\"@id\":\"https:\\\/\\\/www.camping-jack.eu\\\/fr\\\/#\\\/schema\\\/logo\\\/image\\\/\",\"url\":\"https:\\\/\\\/www.camping-jack.eu\\\/wp-content\\\/uploads\\\/2020\\\/12\\\/factuur_logo_cj-1.jpg\",\"contentUrl\":\"https:\\\/\\\/www.camping-jack.eu\\\/wp-content\\\/uploads\\\/2020\\\/12\\\/factuur_logo_cj-1.jpg\",\"width\":198,\"height\":40,\"caption\":\"Camping-Jack\"},\"image\":{\"@id\":\"https:\\\/\\\/www.camping-jack.eu\\\/fr\\\/#\\\/schema\\\/logo\\\/image\\\/\"},\"sameAs\":[\"https:\\\/\\\/x.com\\\/campingjack_eu\"]}]}<\/script>\n<!-- \/ Yoast SEO plugin. -->","yoast_head_json":{"title":"QUICK LINK - Camping-jack.eu","description":"Avec l\u2019attache double Quick Link en aluminum on peut accrocher tr\u00e8s confortablement des v\u00eatements, fleurs et plantes ou lampes \u00e0 suspension \u00e0 la corde de linge ou \u00e0 notre crochet MUFU que vous raccrochez \u00e0 l\u2019auvent de votre campingcar ou caravane. Le Quick Link fonctionne \u00e0 double c\u00f4t\u00e9s.","robots":{"index":"index","follow":"follow","max-snippet":"max-snippet:-1","max-image-preview":"max-image-preview:large","max-video-preview":"max-video-preview:-1"},"canonical":"https:\/\/www.camping-jack.eu\/fr\/produit\/quick-link\/","og_locale":"fr_FR","og_type":"article","og_title":"QUICK LINK - Camping-jack.eu","og_description":"Avec l\u2019attache double Quick Link en aluminum on peut accrocher tr\u00e8s confortablement des v\u00eatements, fleurs et plantes ou lampes \u00e0 suspension \u00e0 la corde de linge ou \u00e0 notre crochet MUFU que vous raccrochez \u00e0 l\u2019auvent de votre campingcar ou caravane. Le Quick Link fonctionne \u00e0 double c\u00f4t\u00e9s.","og_url":"https:\/\/www.camping-jack.eu\/fr\/produit\/quick-link\/","og_site_name":"Camping-jack.eu","article_modified_time":"2023-08-22T21:00:50+00:00","og_image":[{"width":1063,"height":768,"url":"https:\/\/www.camping-jack.eu\/wp-content\/uploads\/2020\/12\/QL-solo.jpg","type":"image\/jpeg"}],"twitter_card":"summary_large_image","twitter_site":"@campingjack_eu","schema":{"@context":"https:\/\/schema.org","@graph":[{"@type":["WebPage","ItemPage"],"@id":"https:\/\/www.camping-jack.eu\/fr\/produit\/quick-link\/","url":"https:\/\/www.camping-jack.eu\/fr\/produit\/quick-link\/","name":"QUICK LINK - Camping-jack.eu","isPartOf":{"@id":"https:\/\/www.camping-jack.eu\/fr\/#website"},"primaryImageOfPage":{"@id":"https:\/\/www.camping-jack.eu\/fr\/produit\/quick-link\/#primaryimage"},"image":{"@id":"https:\/\/www.camping-jack.eu\/fr\/produit\/quick-link\/#primaryimage"},"thumbnailUrl":"https:\/\/www.camping-jack.eu\/wp-content\/uploads\/2020\/12\/QL-solo.jpg","datePublished":"2020-12-14T22:18:33+00:00","dateModified":"2023-08-22T21:00:50+00:00","description":"Avec l\u2019attache double Quick Link en aluminum on peut accrocher tr\u00e8s confortablement des v\u00eatements, fleurs et plantes ou lampes \u00e0 suspension \u00e0 la corde de linge ou \u00e0 notre crochet MUFU que vous raccrochez \u00e0 l\u2019auvent de votre campingcar ou caravane. Le Quick Link fonctionne \u00e0 double c\u00f4t\u00e9s.","breadcrumb":{"@id":"https:\/\/www.camping-jack.eu\/fr\/produit\/quick-link\/#breadcrumb"},"inLanguage":"fr-FR","potentialAction":[{"@type":"ReadAction","target":["https:\/\/www.camping-jack.eu\/fr\/produit\/quick-link\/"]}]},{"@type":"ImageObject","inLanguage":"fr-FR","@id":"https:\/\/www.camping-jack.eu\/fr\/produit\/quick-link\/#primaryimage","url":"https:\/\/www.camping-jack.eu\/wp-content\/uploads\/2020\/12\/QL-solo.jpg","contentUrl":"https:\/\/www.camping-jack.eu\/wp-content\/uploads\/2020\/12\/QL-solo.jpg","width":1063,"height":768},{"@type":"BreadcrumbList","@id":"https:\/\/www.camping-jack.eu\/fr\/produit\/quick-link\/#breadcrumb","itemListElement":[{"@type":"ListItem","position":1,"name":"Home","item":"https:\/\/www.camping-jack.eu\/fr\/"},{"@type":"ListItem","position":2,"name":"Shop","item":"https:\/\/www.camping-jack.eu\/fr\/shop\/"},{"@type":"ListItem","position":3,"name":"QUICK LINK"}]},{"@type":"WebSite","@id":"https:\/\/www.camping-jack.eu\/fr\/#website","url":"https:\/\/www.camping-jack.eu\/fr\/","name":"Camping-jack.eu","description":"Camping-jack.eu","publisher":{"@id":"https:\/\/www.camping-jack.eu\/fr\/#organization"},"potentialAction":[{"@type":"SearchAction","target":{"@type":"EntryPoint","urlTemplate":"https:\/\/www.camping-jack.eu\/fr\/?s={search_term_string}"},"query-input":{"@type":"PropertyValueSpecification","valueRequired":true,"valueName":"search_term_string"}}],"inLanguage":"fr-FR"},{"@type":"Organization","@id":"https:\/\/www.camping-jack.eu\/fr\/#organization","name":"Camping-Jack","url":"https:\/\/www.camping-jack.eu\/fr\/","logo":{"@type":"ImageObject","inLanguage":"fr-FR","@id":"https:\/\/www.camping-jack.eu\/fr\/#\/schema\/logo\/image\/","url":"https:\/\/www.camping-jack.eu\/wp-content\/uploads\/2020\/12\/factuur_logo_cj-1.jpg","contentUrl":"https:\/\/www.camping-jack.eu\/wp-content\/uploads\/2020\/12\/factuur_logo_cj-1.jpg","width":198,"height":40,"caption":"Camping-Jack"},"image":{"@id":"https:\/\/www.camping-jack.eu\/fr\/#\/schema\/logo\/image\/"},"sameAs":["https:\/\/x.com\/campingjack_eu"]}]}},"_links":{"self":[{"href":"https:\/\/www.camping-jack.eu\/fr\/wp-json\/wp\/v2\/product\/1519","targetHints":{"allow":["GET"]}}],"collection":[{"href":"https:\/\/www.camping-jack.eu\/fr\/wp-json\/wp\/v2\/product"}],"about":[{"href":"https:\/\/www.camping-jack.eu\/fr\/wp-json\/wp\/v2\/types\/product"}],"replies":[{"embeddable":true,"href":"https:\/\/www.camping-jack.eu\/fr\/wp-json\/wp\/v2\/comments?post=1519"}],"wp:featuredmedia":[{"embeddable":true,"href":"https:\/\/www.camping-jack.eu\/fr\/wp-json\/wp\/v2\/media\/861"}],"wp:attachment":[{"href":"https:\/\/www.camping-jack.eu\/fr\/wp-json\/wp\/v2\/media?parent=1519"}],"wp:term":[{"taxonomy":"product_brand","embeddable":true,"href":"https:\/\/www.camping-jack.eu\/fr\/wp-json\/wp\/v2\/product_brand?post=1519"},{"taxonomy":"product_cat","embeddable":true,"href":"https:\/\/www.camping-jack.eu\/fr\/wp-json\/wp\/v2\/product_cat?post=1519"},{"taxonomy":"product_tag","embeddable":true,"href":"https:\/\/www.camping-jack.eu\/fr\/wp-json\/wp\/v2\/product_tag?post=1519"}],"curies":[{"name":"wp","href":"https:\/\/api.w.org\/{rel}","templated":true}]}}