{"id":2226,"date":"2021-12-01T12:28:14","date_gmt":"2021-12-01T12:28:14","guid":{"rendered":"https:\/\/www.camping-jack.eu\/product\/multi-bike-bottle-compressor-ring-rtc2000\/"},"modified":"2023-08-22T20:32:13","modified_gmt":"2023-08-22T20:32:13","slug":"multi-fahrradflasche-kompressor-ring-rtc2000","status":"publish","type":"product","link":"https:\/\/www.camping-jack.eu\/de\/produkt\/multi-fahrradflasche-kompressor-ring-rtc2000\/","title":{"rendered":"MULTI FAHRRADFLASCHE KOMPRESSOR RING RTC2000"},"content":{"rendered":"<div class=\"wpb-content-wrapper\"><p>[vc_row][vc_column][vc_custom_heading text=&#8220;MULTI FAHRRADFLASCHE KOMPRESSOR RING RTC2000 &#8211; wiederaufladbar&#8220; use_theme_fonts=&#8220;yes&#8220;][vc_column_text woodmart_inline=&#8220;no&#8220; text_larger=&#8220;no&#8220;]Die starke Punkte vom Fahrradflasche Kompressor sind:<\/p>\n<ul>\n<li>sehr kompakter Kompressor, einfach mitnehmbar auf Fahrrad, Motorrad, im Auto, usw.<\/li>\n<li>aufladbar mit USB Kabel, also zu Hause (220V) oder unterwegs im Auto (12V) aufladbar.<\/li>\n<li>Powerbankfunktion: mit diesem Kompressor kann man auch den Handy aufladen.<\/li>\n<li>Maximumdruck ist einstellbar (bis max. 8,3 bar!), damit man niemals \u00fcberpumpen kann oben den Maximumdruck des Objekts (z.B. flat-jack bis 1,2 bar oder Autoreifen bis 2,5 bar). Der Kompressor stoppt automatisch wenn er den von Ihnen eingestellten Maximumdruck erreicht.<\/li>\n<li>4 programmierbare Maximumdruck Einstellungen m\u00f6glich (Memory Funktion).<\/li>\n<li>weisse LED Lampe ist eingebaut an Obenseite, also Taschenlampe Funktion.<\/li>\n<li>Fahrradreifen aufpumpen innerhalb 2 Minuten.<\/li>\n<li>Aufbewahrungstasche f\u00fcr extra Protektion (z.B. bei Mountainbikes im Schlamm).<\/li>\n<li>Fahrradflaschehalter f\u00fcr Montage vom Kompressor auf diagonaler\/vertikaler Fahrradstange.<\/li>\n<li>Digitaldisplay, einfach ablesbar, Batterienivo ablesbar mit Farbefunktion.<\/li>\n<li>2 Adapter f\u00fcr Fahrrad und Fussball.<\/li>\n<li>Dimensionen vom Kompressor: Durchschnitt 7 Cm, H\u00f6he 17 Cm (sehr kompakt, Fahrradflasche)<\/li>\n<li>Gewicht vom Kompressor ist nur 485 Gramm, ideal zum Mitnehmen, eben in Rucksack.<\/li>\n<li>Garantie: Sie haben 2 Jahre EU Garantie auf diesem aufladbaren MULTI BIDON COMPRESSOR RING RTC2000<\/li>\n<\/ul>\n<p>INHALT:<br \/>\n\u2022 Kompressor in Fahrradflasche-Format<br \/>\n\u2022 USB Aufladungskabel<br \/>\n\u2022 F\u00fcllschlange 14.5 Cm<br \/>\n\u2022 2 Adapter f\u00fcr Fahrrad und Fussball<br \/>\n\u2022 Aufbewahrungstasche f\u00fcr extra Protektion<br \/>\n\u2022 Fahrradflaschehalter f\u00fcr Montage vom Kompressor auf Fahrradstange[\/vc_column_text][vc_video link=&#8220;https:\/\/youtu.be\/qPWgM-JvS_8&#8243; el_width=&#8220;50&#8243; image_poster_switch=&#8220;no&#8220;][\/vc_column][\/vc_row]<\/p>\n<\/div>","protected":false},"excerpt":{"rendered":"<p>Dieser sehr kompakter Fahrradflasche Kompressor wiegt weniger als 500 Gramm und ist mit dem mitgelieferten Fahrradflaschehalter ideal montierbar auf Fahrrad. Auch mitnehmen im Auto, in Wohnmobil oder Wohnwagen, auf Motorrad oder in die Arbeit passt prima. Dieser Kompaktkompressor ist aufladbar mit USB (also \u00fcber 220V zu Hause oder 12V im Fahrzeug). Sie sind also nicht verbunden mit Draht w\u00e4hrend Aufpumpen von Fahrradreifen, Autoreifen, unseren flat-jack Nivellierkissen f\u00fcr Wohnmobil und Wohnwagen, usw. Hat auch Powerbank Funktion f\u00fcr u.a. aufladen von Handy unterwegs. Mit LED Licht, praktisch auf dem Campingplatz als Taschenlampe. Mehrere Adapter f\u00fcr Fussball, Fahrrad, Autoreifen, usw. Kapazit\u00e4t 8,3 bar (120 psi). Unterwegs immer einen kr\u00e4ftigen Powerbank f\u00fcr Kommunikation mit Handy und Luftkompressor dabei zum Reifen pumpen. Sicherheitsgerichtet und intelligent: damit ein Ideales Geschenk f\u00fcr Geburtstag oder Weihnachten!<\/p>\n","protected":false},"featured_media":2189,"comment_status":"closed","ping_status":"closed","template":"","meta":[],"product_brand":[],"product_cat":[287,292,303,250,466],"product_tag":[426,414,416,484,412,567,422,424],"class_list":{"0":"post-2226","1":"product","2":"type-product","3":"status-publish","4":"has-post-thumbnail","6":"product_cat-hilfsmittel","7":"product_cat-zubehor","8":"product_cat-tent-zubehor","9":"product_cat-zubehoer","10":"product_cat-zubehoer-de","11":"product_tag-autoreifen","12":"product_tag-baelle","13":"product_tag-fahrradreifen","14":"product_tag-kompakt","15":"product_tag-luftmatratzen","16":"product_tag-powerbank-de","17":"product_tag-wohnmobilreifen","18":"product_tag-wohnwagenreifen","20":"first","21":"instock","22":"taxable","23":"shipping-taxable","24":"purchasable","25":"product-type-simple"},"yoast_head":"<!-- This site is optimized with the Yoast SEO plugin v27.3 - https:\/\/yoast.com\/product\/yoast-seo-wordpress\/ -->\n<title>MULTI FAHRRADFLASCHE KOMPRESSOR RING RTC2000 - Camping-jack.eu<\/title>\n<meta name=\"description\" content=\"Dieser sehr kompakter Fahrradflasche Kompressor wiegt weniger als 500 Gramm und ist mit dem mitgelieferten Fahrradflaschehalter ideal montierbar auf Fahrrad. Auch mitnehmen im Auto, in Wohnmobil oder Wohnwagen, auf Motorrad oder in die Arbeit passt prima. Dieser Kompaktkompressor ist aufladbar mit USB (also \u00fcber 220V zu Hause oder 12V im Fahrzeug).\" \/>\n<meta name=\"robots\" content=\"index, follow, max-snippet:-1, max-image-preview:large, max-video-preview:-1\" \/>\n<link rel=\"canonical\" href=\"https:\/\/www.camping-jack.eu\/de\/produkt\/multi-fahrradflasche-kompressor-ring-rtc2000\/\" \/>\n<meta property=\"og:locale\" content=\"de_DE\" \/>\n<meta property=\"og:type\" content=\"article\" \/>\n<meta property=\"og:title\" content=\"MULTI FAHRRADFLASCHE KOMPRESSOR RING RTC2000 - Camping-jack.eu\" \/>\n<meta property=\"og:description\" content=\"Dieser sehr kompakter Fahrradflasche Kompressor wiegt weniger als 500 Gramm und ist mit dem mitgelieferten Fahrradflaschehalter ideal montierbar auf Fahrrad. Auch mitnehmen im Auto, in Wohnmobil oder Wohnwagen, auf Motorrad oder in die Arbeit passt prima. Dieser Kompaktkompressor ist aufladbar mit USB (also \u00fcber 220V zu Hause oder 12V im Fahrzeug).\" \/>\n<meta property=\"og:url\" content=\"https:\/\/www.camping-jack.eu\/de\/produkt\/multi-fahrradflasche-kompressor-ring-rtc2000\/\" \/>\n<meta property=\"og:site_name\" content=\"Camping-jack.eu\" \/>\n<meta property=\"article:modified_time\" content=\"2023-08-22T20:32:13+00:00\" \/>\n<meta property=\"og:image\" content=\"https:\/\/www.camping-jack.eu\/wp-content\/uploads\/2021\/12\/RTC2000_ANNOTATION_001.jpg\" \/>\n\t<meta property=\"og:image:width\" content=\"1600\" \/>\n\t<meta property=\"og:image:height\" content=\"1600\" \/>\n\t<meta property=\"og:image:type\" content=\"image\/jpeg\" \/>\n<meta name=\"twitter:card\" content=\"summary_large_image\" \/>\n<meta name=\"twitter:site\" content=\"@campingjack_eu\" \/>\n<script type=\"application\/ld+json\" class=\"yoast-schema-graph\">{\"@context\":\"https:\\\/\\\/schema.org\",\"@graph\":[{\"@type\":[\"WebPage\",\"ItemPage\"],\"@id\":\"https:\\\/\\\/www.camping-jack.eu\\\/de\\\/produkt\\\/multi-fahrradflasche-kompressor-ring-rtc2000\\\/\",\"url\":\"https:\\\/\\\/www.camping-jack.eu\\\/de\\\/produkt\\\/multi-fahrradflasche-kompressor-ring-rtc2000\\\/\",\"name\":\"MULTI FAHRRADFLASCHE KOMPRESSOR RING RTC2000 - Camping-jack.eu\",\"isPartOf\":{\"@id\":\"https:\\\/\\\/www.camping-jack.eu\\\/de\\\/#website\"},\"primaryImageOfPage\":{\"@id\":\"https:\\\/\\\/www.camping-jack.eu\\\/de\\\/produkt\\\/multi-fahrradflasche-kompressor-ring-rtc2000\\\/#primaryimage\"},\"image\":{\"@id\":\"https:\\\/\\\/www.camping-jack.eu\\\/de\\\/produkt\\\/multi-fahrradflasche-kompressor-ring-rtc2000\\\/#primaryimage\"},\"thumbnailUrl\":\"https:\\\/\\\/www.camping-jack.eu\\\/wp-content\\\/uploads\\\/2021\\\/12\\\/RTC2000_ANNOTATION_001.jpg\",\"datePublished\":\"2021-12-01T12:28:14+00:00\",\"dateModified\":\"2023-08-22T20:32:13+00:00\",\"description\":\"Dieser sehr kompakter Fahrradflasche Kompressor wiegt weniger als 500 Gramm und ist mit dem mitgelieferten Fahrradflaschehalter ideal montierbar auf Fahrrad. Auch mitnehmen im Auto, in Wohnmobil oder Wohnwagen, auf Motorrad oder in die Arbeit passt prima. Dieser Kompaktkompressor ist aufladbar mit USB (also \u00fcber 220V zu Hause oder 12V im Fahrzeug).\",\"breadcrumb\":{\"@id\":\"https:\\\/\\\/www.camping-jack.eu\\\/de\\\/produkt\\\/multi-fahrradflasche-kompressor-ring-rtc2000\\\/#breadcrumb\"},\"inLanguage\":\"de\",\"potentialAction\":[{\"@type\":\"ReadAction\",\"target\":[\"https:\\\/\\\/www.camping-jack.eu\\\/de\\\/produkt\\\/multi-fahrradflasche-kompressor-ring-rtc2000\\\/\"]}]},{\"@type\":\"ImageObject\",\"inLanguage\":\"de\",\"@id\":\"https:\\\/\\\/www.camping-jack.eu\\\/de\\\/produkt\\\/multi-fahrradflasche-kompressor-ring-rtc2000\\\/#primaryimage\",\"url\":\"https:\\\/\\\/www.camping-jack.eu\\\/wp-content\\\/uploads\\\/2021\\\/12\\\/RTC2000_ANNOTATION_001.jpg\",\"contentUrl\":\"https:\\\/\\\/www.camping-jack.eu\\\/wp-content\\\/uploads\\\/2021\\\/12\\\/RTC2000_ANNOTATION_001.jpg\",\"width\":1600,\"height\":1600},{\"@type\":\"BreadcrumbList\",\"@id\":\"https:\\\/\\\/www.camping-jack.eu\\\/de\\\/produkt\\\/multi-fahrradflasche-kompressor-ring-rtc2000\\\/#breadcrumb\",\"itemListElement\":[{\"@type\":\"ListItem\",\"position\":1,\"name\":\"Home\",\"item\":\"https:\\\/\\\/www.camping-jack.eu\\\/de\\\/\"},{\"@type\":\"ListItem\",\"position\":2,\"name\":\"Shop\",\"item\":\"https:\\\/\\\/www.camping-jack.eu\\\/de\\\/shop\\\/\"},{\"@type\":\"ListItem\",\"position\":3,\"name\":\"MULTI FAHRRADFLASCHE KOMPRESSOR RING RTC2000\"}]},{\"@type\":\"WebSite\",\"@id\":\"https:\\\/\\\/www.camping-jack.eu\\\/de\\\/#website\",\"url\":\"https:\\\/\\\/www.camping-jack.eu\\\/de\\\/\",\"name\":\"Camping-jack.eu\",\"description\":\"Camping-jack.eu\",\"publisher\":{\"@id\":\"https:\\\/\\\/www.camping-jack.eu\\\/de\\\/#organization\"},\"potentialAction\":[{\"@type\":\"SearchAction\",\"target\":{\"@type\":\"EntryPoint\",\"urlTemplate\":\"https:\\\/\\\/www.camping-jack.eu\\\/de\\\/?s={search_term_string}\"},\"query-input\":{\"@type\":\"PropertyValueSpecification\",\"valueRequired\":true,\"valueName\":\"search_term_string\"}}],\"inLanguage\":\"de\"},{\"@type\":\"Organization\",\"@id\":\"https:\\\/\\\/www.camping-jack.eu\\\/de\\\/#organization\",\"name\":\"Camping-Jack\",\"url\":\"https:\\\/\\\/www.camping-jack.eu\\\/de\\\/\",\"logo\":{\"@type\":\"ImageObject\",\"inLanguage\":\"de\",\"@id\":\"https:\\\/\\\/www.camping-jack.eu\\\/de\\\/#\\\/schema\\\/logo\\\/image\\\/\",\"url\":\"https:\\\/\\\/www.camping-jack.eu\\\/wp-content\\\/uploads\\\/2020\\\/12\\\/factuur_logo_cj-1.jpg\",\"contentUrl\":\"https:\\\/\\\/www.camping-jack.eu\\\/wp-content\\\/uploads\\\/2020\\\/12\\\/factuur_logo_cj-1.jpg\",\"width\":198,\"height\":40,\"caption\":\"Camping-Jack\"},\"image\":{\"@id\":\"https:\\\/\\\/www.camping-jack.eu\\\/de\\\/#\\\/schema\\\/logo\\\/image\\\/\"},\"sameAs\":[\"https:\\\/\\\/x.com\\\/campingjack_eu\"]}]}<\/script>\n<!-- \/ Yoast SEO plugin. -->","yoast_head_json":{"title":"MULTI FAHRRADFLASCHE KOMPRESSOR RING RTC2000 - Camping-jack.eu","description":"Dieser sehr kompakter Fahrradflasche Kompressor wiegt weniger als 500 Gramm und ist mit dem mitgelieferten Fahrradflaschehalter ideal montierbar auf Fahrrad. Auch mitnehmen im Auto, in Wohnmobil oder Wohnwagen, auf Motorrad oder in die Arbeit passt prima. Dieser Kompaktkompressor ist aufladbar mit USB (also \u00fcber 220V zu Hause oder 12V im Fahrzeug).","robots":{"index":"index","follow":"follow","max-snippet":"max-snippet:-1","max-image-preview":"max-image-preview:large","max-video-preview":"max-video-preview:-1"},"canonical":"https:\/\/www.camping-jack.eu\/de\/produkt\/multi-fahrradflasche-kompressor-ring-rtc2000\/","og_locale":"de_DE","og_type":"article","og_title":"MULTI FAHRRADFLASCHE KOMPRESSOR RING RTC2000 - Camping-jack.eu","og_description":"Dieser sehr kompakter Fahrradflasche Kompressor wiegt weniger als 500 Gramm und ist mit dem mitgelieferten Fahrradflaschehalter ideal montierbar auf Fahrrad. Auch mitnehmen im Auto, in Wohnmobil oder Wohnwagen, auf Motorrad oder in die Arbeit passt prima. Dieser Kompaktkompressor ist aufladbar mit USB (also \u00fcber 220V zu Hause oder 12V im Fahrzeug).","og_url":"https:\/\/www.camping-jack.eu\/de\/produkt\/multi-fahrradflasche-kompressor-ring-rtc2000\/","og_site_name":"Camping-jack.eu","article_modified_time":"2023-08-22T20:32:13+00:00","og_image":[{"width":1600,"height":1600,"url":"https:\/\/www.camping-jack.eu\/wp-content\/uploads\/2021\/12\/RTC2000_ANNOTATION_001.jpg","type":"image\/jpeg"}],"twitter_card":"summary_large_image","twitter_site":"@campingjack_eu","schema":{"@context":"https:\/\/schema.org","@graph":[{"@type":["WebPage","ItemPage"],"@id":"https:\/\/www.camping-jack.eu\/de\/produkt\/multi-fahrradflasche-kompressor-ring-rtc2000\/","url":"https:\/\/www.camping-jack.eu\/de\/produkt\/multi-fahrradflasche-kompressor-ring-rtc2000\/","name":"MULTI FAHRRADFLASCHE KOMPRESSOR RING RTC2000 - Camping-jack.eu","isPartOf":{"@id":"https:\/\/www.camping-jack.eu\/de\/#website"},"primaryImageOfPage":{"@id":"https:\/\/www.camping-jack.eu\/de\/produkt\/multi-fahrradflasche-kompressor-ring-rtc2000\/#primaryimage"},"image":{"@id":"https:\/\/www.camping-jack.eu\/de\/produkt\/multi-fahrradflasche-kompressor-ring-rtc2000\/#primaryimage"},"thumbnailUrl":"https:\/\/www.camping-jack.eu\/wp-content\/uploads\/2021\/12\/RTC2000_ANNOTATION_001.jpg","datePublished":"2021-12-01T12:28:14+00:00","dateModified":"2023-08-22T20:32:13+00:00","description":"Dieser sehr kompakter Fahrradflasche Kompressor wiegt weniger als 500 Gramm und ist mit dem mitgelieferten Fahrradflaschehalter ideal montierbar auf Fahrrad. Auch mitnehmen im Auto, in Wohnmobil oder Wohnwagen, auf Motorrad oder in die Arbeit passt prima. Dieser Kompaktkompressor ist aufladbar mit USB (also \u00fcber 220V zu Hause oder 12V im Fahrzeug).","breadcrumb":{"@id":"https:\/\/www.camping-jack.eu\/de\/produkt\/multi-fahrradflasche-kompressor-ring-rtc2000\/#breadcrumb"},"inLanguage":"de","potentialAction":[{"@type":"ReadAction","target":["https:\/\/www.camping-jack.eu\/de\/produkt\/multi-fahrradflasche-kompressor-ring-rtc2000\/"]}]},{"@type":"ImageObject","inLanguage":"de","@id":"https:\/\/www.camping-jack.eu\/de\/produkt\/multi-fahrradflasche-kompressor-ring-rtc2000\/#primaryimage","url":"https:\/\/www.camping-jack.eu\/wp-content\/uploads\/2021\/12\/RTC2000_ANNOTATION_001.jpg","contentUrl":"https:\/\/www.camping-jack.eu\/wp-content\/uploads\/2021\/12\/RTC2000_ANNOTATION_001.jpg","width":1600,"height":1600},{"@type":"BreadcrumbList","@id":"https:\/\/www.camping-jack.eu\/de\/produkt\/multi-fahrradflasche-kompressor-ring-rtc2000\/#breadcrumb","itemListElement":[{"@type":"ListItem","position":1,"name":"Home","item":"https:\/\/www.camping-jack.eu\/de\/"},{"@type":"ListItem","position":2,"name":"Shop","item":"https:\/\/www.camping-jack.eu\/de\/shop\/"},{"@type":"ListItem","position":3,"name":"MULTI FAHRRADFLASCHE KOMPRESSOR RING RTC2000"}]},{"@type":"WebSite","@id":"https:\/\/www.camping-jack.eu\/de\/#website","url":"https:\/\/www.camping-jack.eu\/de\/","name":"Camping-jack.eu","description":"Camping-jack.eu","publisher":{"@id":"https:\/\/www.camping-jack.eu\/de\/#organization"},"potentialAction":[{"@type":"SearchAction","target":{"@type":"EntryPoint","urlTemplate":"https:\/\/www.camping-jack.eu\/de\/?s={search_term_string}"},"query-input":{"@type":"PropertyValueSpecification","valueRequired":true,"valueName":"search_term_string"}}],"inLanguage":"de"},{"@type":"Organization","@id":"https:\/\/www.camping-jack.eu\/de\/#organization","name":"Camping-Jack","url":"https:\/\/www.camping-jack.eu\/de\/","logo":{"@type":"ImageObject","inLanguage":"de","@id":"https:\/\/www.camping-jack.eu\/de\/#\/schema\/logo\/image\/","url":"https:\/\/www.camping-jack.eu\/wp-content\/uploads\/2020\/12\/factuur_logo_cj-1.jpg","contentUrl":"https:\/\/www.camping-jack.eu\/wp-content\/uploads\/2020\/12\/factuur_logo_cj-1.jpg","width":198,"height":40,"caption":"Camping-Jack"},"image":{"@id":"https:\/\/www.camping-jack.eu\/de\/#\/schema\/logo\/image\/"},"sameAs":["https:\/\/x.com\/campingjack_eu"]}]}},"_links":{"self":[{"href":"https:\/\/www.camping-jack.eu\/de\/wp-json\/wp\/v2\/product\/2226","targetHints":{"allow":["GET"]}}],"collection":[{"href":"https:\/\/www.camping-jack.eu\/de\/wp-json\/wp\/v2\/product"}],"about":[{"href":"https:\/\/www.camping-jack.eu\/de\/wp-json\/wp\/v2\/types\/product"}],"replies":[{"embeddable":true,"href":"https:\/\/www.camping-jack.eu\/de\/wp-json\/wp\/v2\/comments?post=2226"}],"wp:featuredmedia":[{"embeddable":true,"href":"https:\/\/www.camping-jack.eu\/de\/wp-json\/wp\/v2\/media\/2189"}],"wp:attachment":[{"href":"https:\/\/www.camping-jack.eu\/de\/wp-json\/wp\/v2\/media?parent=2226"}],"wp:term":[{"taxonomy":"product_brand","embeddable":true,"href":"https:\/\/www.camping-jack.eu\/de\/wp-json\/wp\/v2\/product_brand?post=2226"},{"taxonomy":"product_cat","embeddable":true,"href":"https:\/\/www.camping-jack.eu\/de\/wp-json\/wp\/v2\/product_cat?post=2226"},{"taxonomy":"product_tag","embeddable":true,"href":"https:\/\/www.camping-jack.eu\/de\/wp-json\/wp\/v2\/product_tag?post=2226"}],"curies":[{"name":"wp","href":"https:\/\/api.w.org\/{rel}","templated":true}]}}