{"id":1882,"date":"2021-02-23T00:07:06","date_gmt":"2021-02-23T00:07:06","guid":{"rendered":"https:\/\/staging.camping-jack.eu\/product\/air-jack-air-cushion-jack\/"},"modified":"2023-08-22T20:37:49","modified_gmt":"2023-08-22T20:37:49","slug":"air-jack-luftkissen-wagenheber","status":"publish","type":"product","link":"https:\/\/www.camping-jack.eu\/de\/produkt\/air-jack-luftkissen-wagenheber\/","title":{"rendered":"AIR-JACK Luftkissen-Wagenheber"},"content":{"rendered":"<div class=\"wpb-content-wrapper\"><p>[vc_row][vc_column][vc_custom_heading text=&#8220;AIR-JACK Luftkissen-Wagenheber&#8220; use_theme_fonts=&#8220;yes&#8220;][vc_column_text text_larger=&#8220;no&#8220;]<strong>Die Vorteile des AIR-JACK Luftkissen-Wagenhebers sind die folgende:<\/strong><\/p>\n<ul>\n<li>Mit dem Air-jack Luftkissen-Wagenheber k\u00f6nnen Sie fortan sich selbst retten damit Sie Ihr Wohnmobil oder 4&#215;4 Fahrzeug einfach aufheben k\u00f6nnen auf allen Unterboden. Wie beim Radwechsel am Strassenrand im Fall von einem platten Reifen, oder im Schnee. Auch wenn Sie fest sind im Schlamm ist der Air-jack ideal beim Wagenheben. Eben im Schnee, in einer \u00dcberschwemmungswiese nach Tagen von Regen, oder im Sand von Strand oder W\u00fcste ist der Air-jack ein tolles Hilfsmittel. Sogar bei Schneeketten platzen und f\u00fcr Winterreifenwechsel beim PKW ist der Air-jack sehr geeignet.<\/li>\n<li>Mit diesem leichtgewicht Luftkussen-Wagenheber von nur 6 Kg sparen Sie ausserdem viel Gewicht in Ihrem Wohnmobil oder 4&#215;4 im Vergleich mit einem normalen eisernen Wagenheber, der minimal 15 bis 30 Kg wiegt. Damit sind Sie schnell mindestens 10 Kg weniger im Gesamtgewicht von Fahrzeug plus Wagenheber!<\/li>\n<li>Auch ist ein normaler eiserner Wagenheber nur auf harten Unterboden brauchbar und nicht in allen Kampiersituationen, mit vielmals sanften Boden, praktisch. Der Air-jack Wagenheber funktioniert auf allen Unterboden, also der Air-jack ist viel multifunktionaler.<\/li>\n<li>Und der Air-jack besch\u00e4digt die Unterseite Ihres Fahrzeugs auch nicht, wie ein normaler eiserne Wagenheber wohl kann, sicher wenn er rutscht. Ein Luftkissen-Wagenheber ist sanfter und hat eine viel gr\u00f6ssere Oberfl\u00e4che, und ist damit praktischer.<\/li>\n<li>Der Air-jack ist gut f\u00fcr hohe Fahrzeuggewichte bis eben 4000 Kg. Man hebt mit dem Air-jack, der meistens an der rechten oder linken Seite des Fahrzeugs geplatzt wird, ungef\u00e4hr die H\u00e4lfte vom Fahrzeuggewicht, weil die andere H\u00e4lfte vom Fahrzeug noch auf dem Boden ist. Das heisst man hebt effektiv rund 2.000 Kg bei einem Fahrzeug von 4.000 Kg.<\/li>\n<li>Druck: max. ist nur 1,2 Bar Druck ben\u00f6tigt f\u00fcr das Aufpumpen vom Air-jack.<\/li>\n<li>F\u00fcr das Aufpumpen vom Air-jack werden zwei Adapter mitgeliefert:\n<ol>\n<li>Autoventil-Adapter: mit Ihrem eigenen Kompressor kann man in 6 bis 10 Minuten den Air-jack aufpumpen. Auch mit dem Minikompressor, der oft beim Reserverad verf\u00fcgbar ist. Oder noch besser, mit unserem <a href=\"https:\/\/www.camping-jack.eu\/de\/produkt\/multicompressor-ring-retc6000-rechargeable\/\">Multikompressor<\/a>. Eben mit moderner Fahrradpumpe (wenn mit Autoventilanschluss) oder Fusspumpe ist der Air-jack leicht aufpumpbar (in 12 bis 15 Minuten).<\/li>\n<li>Auspuff-Adapter\/Schlauch: am schnellsten pumpt man den Air-jack auf mit Hilfe vom Auspuff (in 3 bis 5 Minuten!), wof\u00fcr einen spezialen Schlauch mitgeliefert wird der auf Ihren rechten Auspuff-Endtopf angeschlossen wird (Benzin oder Diesel).<\/li>\n<\/ol>\n<\/li>\n<li>Maximalh\u00f6he des Air-jacks: 78 Cm. Also auch bei Fahrzeugen mit l\u00e4ngerem Federweg gut.<\/li>\n<li>Diameter vom aufgepumpten Air-jack: 65 Cm.<\/li>\n<li>Gewicht vom Air-jack (komplett, in mitgelieferter Tasche): 6,0 Kg.<\/li>\n<li>Masse vom Air-jack (komplett, in mitgelieferter Tasche): LxBxH=60x40x18 Cm.<\/li>\n<li>Garantie: auf dem Air-jack geniesst man 2 Jahre Fabrikgarantie.<\/li>\n<\/ul>\n<p>Inhalt:<br \/>\n\u2022 Tasche mit 1x Air-jack, 2x Filzmatten, 1x langer Schlauch 5 Meter mit Auspuffanschluss, 1x Verl\u00e4ngerungsschlauch 1 Meter f\u00fcr Achsegebrauch, Reparatursatz und Gebrauchsanweisung.[\/vc_column_text][\/vc_column][\/vc_row]<\/p>\n<\/div>","protected":false},"excerpt":{"rendered":"<h5>AIR-JACK Luftkissen-Wagenheber<\/h5>\n<p>Der Air-jack ist ein Wagenheber in Luftkissen-Form. Sie stellen den Air-jack an der linker oder rechter Seite under dem Wohnmobil, 4&#215;4, PKW oder Bus. Dann pumpt man den Air-jack auf mit Kompressor, Fahrradpumpe oder Fusspumpe. Aufpumpen kann eben \u00fcber Ihren Auspuff mit dem mitgelieferten Schlauch und geht dann noch schneller! Mit dem Air-jack kann man das Rad wechseln (bei einem platten Reifen) oder das festgezogenes Wohnmobil oder 4&#215;4 aus dem Schlamm, aus der mit Regenwasser \u00fcberflutete Wiese, aus Schnee, oder aus dem Sand von Strand oder W\u00fcste aufheben. Der normale eiserne Wagenheber funktioniert in diesen spezialen F\u00e4llen nicht, aber der Air-jack wohl. Man ist mit dem Air-jack selbstrettend und daher geh\u00f6rt der Air-jack f\u00fcr den abenteuerlichen Camper immer mehr zur Standardausr\u00fcstung. Aber auch wenn man mit dem Wohnmobil gerne \u00fcbernachtet auf einem nicht Standard Wohnmobilplatz ist der Air-jack f\u00fcr Sie ein idealer Produkt. \u00a0Air-jack ist der st\u00e4rkste, h\u00f6chste und billigste 4000 Kg Wagenheber im Konsumentenmarkt und damit sehr popul\u00e4r.<\/p>\n","protected":false},"featured_media":1824,"comment_status":"closed","ping_status":"closed","template":"","meta":[],"product_brand":[],"product_cat":[524,469],"product_tag":[503,517,508,520,513,365,509],"class_list":{"0":"post-1882","1":"product","2":"type-product","3":"status-publish","4":"has-post-thumbnail","6":"product_cat-camper-caravan-hebekissen","7":"product_cat-hebekissen","8":"product_tag-4x4-de","9":"product_tag-gelaendewagen","10":"product_tag-luftkissen","11":"product_tag-selbsttragend","12":"product_tag-wagenheber-fuer-autos","13":"product_tag-wohnmobil","14":"product_tag-wohnwagen-de","16":"first","17":"instock","18":"taxable","19":"shipping-taxable","20":"purchasable","21":"product-type-simple"},"yoast_head":"<!-- This site is optimized with the Yoast SEO plugin v27.4 - https:\/\/yoast.com\/product\/yoast-seo-wordpress\/ -->\n<title>AIR-JACK Luftkissen-Wagenheber - Camping-jack.eu<\/title>\n<meta name=\"description\" content=\"Der Air-jack ist ein Wagenheber in Luftkissen-Form. Sie stellen den Air-jack an der linker oder rechter Seite under dem Wohnmobil, 4x4, PKW oder Bus. Dann pumpt man den Air-jack auf mit Kompressor, Fahrradpumpe oder Fusspumpe. Aufpumpen kann eben \u00fcber Ihren Auspuff mit dem mitgelieferten Schlauch und geht dann noch schneller!\" \/>\n<meta name=\"robots\" content=\"index, follow, max-snippet:-1, max-image-preview:large, max-video-preview:-1\" \/>\n<link rel=\"canonical\" href=\"https:\/\/www.camping-jack.eu\/de\/produkt\/air-jack-luftkissen-wagenheber\/\" \/>\n<meta property=\"og:locale\" content=\"de_DE\" \/>\n<meta property=\"og:type\" content=\"article\" \/>\n<meta property=\"og:title\" content=\"AIR-JACK Luftkissen-Wagenheber - Camping-jack.eu\" \/>\n<meta property=\"og:description\" content=\"Der Air-jack ist ein Wagenheber in Luftkissen-Form. Sie stellen den Air-jack an der linker oder rechter Seite under dem Wohnmobil, 4x4, PKW oder Bus. Dann pumpt man den Air-jack auf mit Kompressor, Fahrradpumpe oder Fusspumpe. Aufpumpen kann eben \u00fcber Ihren Auspuff mit dem mitgelieferten Schlauch und geht dann noch schneller!\" \/>\n<meta property=\"og:url\" content=\"https:\/\/www.camping-jack.eu\/de\/produkt\/air-jack-luftkissen-wagenheber\/\" \/>\n<meta property=\"og:site_name\" content=\"Camping-jack.eu\" \/>\n<meta property=\"article:modified_time\" content=\"2023-08-22T20:37:49+00:00\" \/>\n<meta property=\"og:image\" content=\"https:\/\/www.camping-jack.eu\/wp-content\/uploads\/2021\/02\/20180316_170326-scaled.jpg\" \/>\n\t<meta property=\"og:image:width\" content=\"2560\" \/>\n\t<meta property=\"og:image:height\" content=\"1920\" \/>\n\t<meta property=\"og:image:type\" content=\"image\/jpeg\" \/>\n<meta name=\"twitter:card\" content=\"summary_large_image\" \/>\n<meta name=\"twitter:site\" content=\"@campingjack_eu\" \/>\n<script type=\"application\/ld+json\" class=\"yoast-schema-graph\">{\"@context\":\"https:\\\/\\\/schema.org\",\"@graph\":[{\"@type\":[\"WebPage\",\"ItemPage\"],\"@id\":\"https:\\\/\\\/www.camping-jack.eu\\\/de\\\/produkt\\\/air-jack-luftkissen-wagenheber\\\/\",\"url\":\"https:\\\/\\\/www.camping-jack.eu\\\/de\\\/produkt\\\/air-jack-luftkissen-wagenheber\\\/\",\"name\":\"AIR-JACK Luftkissen-Wagenheber - Camping-jack.eu\",\"isPartOf\":{\"@id\":\"https:\\\/\\\/www.camping-jack.eu\\\/de\\\/#website\"},\"primaryImageOfPage\":{\"@id\":\"https:\\\/\\\/www.camping-jack.eu\\\/de\\\/produkt\\\/air-jack-luftkissen-wagenheber\\\/#primaryimage\"},\"image\":{\"@id\":\"https:\\\/\\\/www.camping-jack.eu\\\/de\\\/produkt\\\/air-jack-luftkissen-wagenheber\\\/#primaryimage\"},\"thumbnailUrl\":\"https:\\\/\\\/www.camping-jack.eu\\\/wp-content\\\/uploads\\\/2021\\\/02\\\/20180316_170326-scaled.jpg\",\"datePublished\":\"2021-02-23T00:07:06+00:00\",\"dateModified\":\"2023-08-22T20:37:49+00:00\",\"description\":\"Der Air-jack ist ein Wagenheber in Luftkissen-Form. Sie stellen den Air-jack an der linker oder rechter Seite under dem Wohnmobil, 4x4, PKW oder Bus. Dann pumpt man den Air-jack auf mit Kompressor, Fahrradpumpe oder Fusspumpe. Aufpumpen kann eben \u00fcber Ihren Auspuff mit dem mitgelieferten Schlauch und geht dann noch schneller!\",\"breadcrumb\":{\"@id\":\"https:\\\/\\\/www.camping-jack.eu\\\/de\\\/produkt\\\/air-jack-luftkissen-wagenheber\\\/#breadcrumb\"},\"inLanguage\":\"de\",\"potentialAction\":[{\"@type\":\"ReadAction\",\"target\":[\"https:\\\/\\\/www.camping-jack.eu\\\/de\\\/produkt\\\/air-jack-luftkissen-wagenheber\\\/\"]}]},{\"@type\":\"ImageObject\",\"inLanguage\":\"de\",\"@id\":\"https:\\\/\\\/www.camping-jack.eu\\\/de\\\/produkt\\\/air-jack-luftkissen-wagenheber\\\/#primaryimage\",\"url\":\"https:\\\/\\\/www.camping-jack.eu\\\/wp-content\\\/uploads\\\/2021\\\/02\\\/20180316_170326-scaled.jpg\",\"contentUrl\":\"https:\\\/\\\/www.camping-jack.eu\\\/wp-content\\\/uploads\\\/2021\\\/02\\\/20180316_170326-scaled.jpg\",\"width\":2560,\"height\":1920,\"caption\":\"Compleet set\"},{\"@type\":\"BreadcrumbList\",\"@id\":\"https:\\\/\\\/www.camping-jack.eu\\\/de\\\/produkt\\\/air-jack-luftkissen-wagenheber\\\/#breadcrumb\",\"itemListElement\":[{\"@type\":\"ListItem\",\"position\":1,\"name\":\"Home\",\"item\":\"https:\\\/\\\/www.camping-jack.eu\\\/de\\\/\"},{\"@type\":\"ListItem\",\"position\":2,\"name\":\"Shop\",\"item\":\"https:\\\/\\\/www.camping-jack.eu\\\/de\\\/shop\\\/\"},{\"@type\":\"ListItem\",\"position\":3,\"name\":\"AIR-JACK Luftkissen-Wagenheber\"}]},{\"@type\":\"WebSite\",\"@id\":\"https:\\\/\\\/www.camping-jack.eu\\\/de\\\/#website\",\"url\":\"https:\\\/\\\/www.camping-jack.eu\\\/de\\\/\",\"name\":\"Camping-jack.eu\",\"description\":\"Camping-jack.eu\",\"publisher\":{\"@id\":\"https:\\\/\\\/www.camping-jack.eu\\\/de\\\/#organization\"},\"potentialAction\":[{\"@type\":\"SearchAction\",\"target\":{\"@type\":\"EntryPoint\",\"urlTemplate\":\"https:\\\/\\\/www.camping-jack.eu\\\/de\\\/?s={search_term_string}\"},\"query-input\":{\"@type\":\"PropertyValueSpecification\",\"valueRequired\":true,\"valueName\":\"search_term_string\"}}],\"inLanguage\":\"de\"},{\"@type\":\"Organization\",\"@id\":\"https:\\\/\\\/www.camping-jack.eu\\\/de\\\/#organization\",\"name\":\"Camping-Jack\",\"url\":\"https:\\\/\\\/www.camping-jack.eu\\\/de\\\/\",\"logo\":{\"@type\":\"ImageObject\",\"inLanguage\":\"de\",\"@id\":\"https:\\\/\\\/www.camping-jack.eu\\\/de\\\/#\\\/schema\\\/logo\\\/image\\\/\",\"url\":\"https:\\\/\\\/www.camping-jack.eu\\\/wp-content\\\/uploads\\\/2020\\\/12\\\/factuur_logo_cj-1.jpg\",\"contentUrl\":\"https:\\\/\\\/www.camping-jack.eu\\\/wp-content\\\/uploads\\\/2020\\\/12\\\/factuur_logo_cj-1.jpg\",\"width\":198,\"height\":40,\"caption\":\"Camping-Jack\"},\"image\":{\"@id\":\"https:\\\/\\\/www.camping-jack.eu\\\/de\\\/#\\\/schema\\\/logo\\\/image\\\/\"},\"sameAs\":[\"https:\\\/\\\/x.com\\\/campingjack_eu\"]}]}<\/script>\n<!-- \/ Yoast SEO plugin. -->","yoast_head_json":{"title":"AIR-JACK Luftkissen-Wagenheber - Camping-jack.eu","description":"Der Air-jack ist ein Wagenheber in Luftkissen-Form. Sie stellen den Air-jack an der linker oder rechter Seite under dem Wohnmobil, 4x4, PKW oder Bus. Dann pumpt man den Air-jack auf mit Kompressor, Fahrradpumpe oder Fusspumpe. Aufpumpen kann eben \u00fcber Ihren Auspuff mit dem mitgelieferten Schlauch und geht dann noch schneller!","robots":{"index":"index","follow":"follow","max-snippet":"max-snippet:-1","max-image-preview":"max-image-preview:large","max-video-preview":"max-video-preview:-1"},"canonical":"https:\/\/www.camping-jack.eu\/de\/produkt\/air-jack-luftkissen-wagenheber\/","og_locale":"de_DE","og_type":"article","og_title":"AIR-JACK Luftkissen-Wagenheber - Camping-jack.eu","og_description":"Der Air-jack ist ein Wagenheber in Luftkissen-Form. Sie stellen den Air-jack an der linker oder rechter Seite under dem Wohnmobil, 4x4, PKW oder Bus. Dann pumpt man den Air-jack auf mit Kompressor, Fahrradpumpe oder Fusspumpe. Aufpumpen kann eben \u00fcber Ihren Auspuff mit dem mitgelieferten Schlauch und geht dann noch schneller!","og_url":"https:\/\/www.camping-jack.eu\/de\/produkt\/air-jack-luftkissen-wagenheber\/","og_site_name":"Camping-jack.eu","article_modified_time":"2023-08-22T20:37:49+00:00","og_image":[{"width":2560,"height":1920,"url":"https:\/\/www.camping-jack.eu\/wp-content\/uploads\/2021\/02\/20180316_170326-scaled.jpg","type":"image\/jpeg"}],"twitter_card":"summary_large_image","twitter_site":"@campingjack_eu","schema":{"@context":"https:\/\/schema.org","@graph":[{"@type":["WebPage","ItemPage"],"@id":"https:\/\/www.camping-jack.eu\/de\/produkt\/air-jack-luftkissen-wagenheber\/","url":"https:\/\/www.camping-jack.eu\/de\/produkt\/air-jack-luftkissen-wagenheber\/","name":"AIR-JACK Luftkissen-Wagenheber - Camping-jack.eu","isPartOf":{"@id":"https:\/\/www.camping-jack.eu\/de\/#website"},"primaryImageOfPage":{"@id":"https:\/\/www.camping-jack.eu\/de\/produkt\/air-jack-luftkissen-wagenheber\/#primaryimage"},"image":{"@id":"https:\/\/www.camping-jack.eu\/de\/produkt\/air-jack-luftkissen-wagenheber\/#primaryimage"},"thumbnailUrl":"https:\/\/www.camping-jack.eu\/wp-content\/uploads\/2021\/02\/20180316_170326-scaled.jpg","datePublished":"2021-02-23T00:07:06+00:00","dateModified":"2023-08-22T20:37:49+00:00","description":"Der Air-jack ist ein Wagenheber in Luftkissen-Form. Sie stellen den Air-jack an der linker oder rechter Seite under dem Wohnmobil, 4x4, PKW oder Bus. Dann pumpt man den Air-jack auf mit Kompressor, Fahrradpumpe oder Fusspumpe. Aufpumpen kann eben \u00fcber Ihren Auspuff mit dem mitgelieferten Schlauch und geht dann noch schneller!","breadcrumb":{"@id":"https:\/\/www.camping-jack.eu\/de\/produkt\/air-jack-luftkissen-wagenheber\/#breadcrumb"},"inLanguage":"de","potentialAction":[{"@type":"ReadAction","target":["https:\/\/www.camping-jack.eu\/de\/produkt\/air-jack-luftkissen-wagenheber\/"]}]},{"@type":"ImageObject","inLanguage":"de","@id":"https:\/\/www.camping-jack.eu\/de\/produkt\/air-jack-luftkissen-wagenheber\/#primaryimage","url":"https:\/\/www.camping-jack.eu\/wp-content\/uploads\/2021\/02\/20180316_170326-scaled.jpg","contentUrl":"https:\/\/www.camping-jack.eu\/wp-content\/uploads\/2021\/02\/20180316_170326-scaled.jpg","width":2560,"height":1920,"caption":"Compleet set"},{"@type":"BreadcrumbList","@id":"https:\/\/www.camping-jack.eu\/de\/produkt\/air-jack-luftkissen-wagenheber\/#breadcrumb","itemListElement":[{"@type":"ListItem","position":1,"name":"Home","item":"https:\/\/www.camping-jack.eu\/de\/"},{"@type":"ListItem","position":2,"name":"Shop","item":"https:\/\/www.camping-jack.eu\/de\/shop\/"},{"@type":"ListItem","position":3,"name":"AIR-JACK Luftkissen-Wagenheber"}]},{"@type":"WebSite","@id":"https:\/\/www.camping-jack.eu\/de\/#website","url":"https:\/\/www.camping-jack.eu\/de\/","name":"Camping-jack.eu","description":"Camping-jack.eu","publisher":{"@id":"https:\/\/www.camping-jack.eu\/de\/#organization"},"potentialAction":[{"@type":"SearchAction","target":{"@type":"EntryPoint","urlTemplate":"https:\/\/www.camping-jack.eu\/de\/?s={search_term_string}"},"query-input":{"@type":"PropertyValueSpecification","valueRequired":true,"valueName":"search_term_string"}}],"inLanguage":"de"},{"@type":"Organization","@id":"https:\/\/www.camping-jack.eu\/de\/#organization","name":"Camping-Jack","url":"https:\/\/www.camping-jack.eu\/de\/","logo":{"@type":"ImageObject","inLanguage":"de","@id":"https:\/\/www.camping-jack.eu\/de\/#\/schema\/logo\/image\/","url":"https:\/\/www.camping-jack.eu\/wp-content\/uploads\/2020\/12\/factuur_logo_cj-1.jpg","contentUrl":"https:\/\/www.camping-jack.eu\/wp-content\/uploads\/2020\/12\/factuur_logo_cj-1.jpg","width":198,"height":40,"caption":"Camping-Jack"},"image":{"@id":"https:\/\/www.camping-jack.eu\/de\/#\/schema\/logo\/image\/"},"sameAs":["https:\/\/x.com\/campingjack_eu"]}]}},"_links":{"self":[{"href":"https:\/\/www.camping-jack.eu\/de\/wp-json\/wp\/v2\/product\/1882","targetHints":{"allow":["GET"]}}],"collection":[{"href":"https:\/\/www.camping-jack.eu\/de\/wp-json\/wp\/v2\/product"}],"about":[{"href":"https:\/\/www.camping-jack.eu\/de\/wp-json\/wp\/v2\/types\/product"}],"replies":[{"embeddable":true,"href":"https:\/\/www.camping-jack.eu\/de\/wp-json\/wp\/v2\/comments?post=1882"}],"wp:featuredmedia":[{"embeddable":true,"href":"https:\/\/www.camping-jack.eu\/de\/wp-json\/wp\/v2\/media\/1824"}],"wp:attachment":[{"href":"https:\/\/www.camping-jack.eu\/de\/wp-json\/wp\/v2\/media?parent=1882"}],"wp:term":[{"taxonomy":"product_brand","embeddable":true,"href":"https:\/\/www.camping-jack.eu\/de\/wp-json\/wp\/v2\/product_brand?post=1882"},{"taxonomy":"product_cat","embeddable":true,"href":"https:\/\/www.camping-jack.eu\/de\/wp-json\/wp\/v2\/product_cat?post=1882"},{"taxonomy":"product_tag","embeddable":true,"href":"https:\/\/www.camping-jack.eu\/de\/wp-json\/wp\/v2\/product_tag?post=1882"}],"curies":[{"name":"wp","href":"https:\/\/api.w.org\/{rel}","templated":true}]}}